{"id":17300,"date":"2017-12-20T17:25:47","date_gmt":"2017-12-20T17:25:47","guid":{"rendered":"http:\/\/www.abup.com.br\/?page_id=17300"},"modified":"2019-10-25T17:34:57","modified_gmt":"2019-10-25T17:34:57","slug":"inicial","status":"publish","type":"page","link":"https:\/\/www.abup.com.br\/","title":{"rendered":"Inicio"},"content":{"rendered":"<p>Con sede en S\u00e3o Paulo, la\u00a0<strong>Asociaci\u00f3n Brasile\u00f1a de Empresas de Utilidades y Regalos<\/strong> (ABUP, por sus siglas en portugu\u00e9s), es una asociaci\u00f3n sin \u00e1nimo de lucro formada por un grupo de empresas que se desempe\u00f1an en el segmento HOGAR.<\/p>\n<p>Responsable de la realizaci\u00f3n de las dos ferias m\u00e1s grandes e importantes de Latinoam\u00e9rica,\u00a0la <strong>Home &amp; Gift y la Textil &amp; Home<\/strong>, promueve los lanzamientos de los principales actores de la industria nacional y extranjera, lo mejor del dise\u00f1o independiente brasile\u00f1o y presenta un panorama completo de las tendencias para el mercado de decoraci\u00f3n, menaje, utilidades dom\u00e9sticas y l\u00ednea textil.<\/p>\n","protected":false},"excerpt":{"rendered":"<p>Con sede en S\u00e3o Paulo, la\u00a0Asociaci\u00f3n Brasile\u00f1a de Empresas de Utilidades y Regalos (ABUP, por sus siglas en portugu\u00e9s), es una asociaci\u00f3n sin \u00e1nimo de lucro formada por un grupo de empresas que se desempe\u00f1an en el segmento HOGAR. Responsable de la realizaci\u00f3n de las dos ferias m\u00e1s grandes e importantes de Latinoam\u00e9rica,\u00a0la Home &amp; [&hellip;]<\/p>\n","protected":false},"author":1,"featured_media":0,"parent":0,"menu_order":0,"comment_status":"open","ping_status":"closed","template":"","meta":{"_acf_changed":false,"_locale":"es_ES","_original_post":"5","footnotes":""},"class_list":["post-17300","page","type-page","status-publish","hentry","es-ES"],"acf":[],"_links":{"self":[{"href":"https:\/\/www.abup.com.br\/wp-json\/wp\/v2\/pages\/17300","targetHints":{"allow":["GET"]}}],"collection":[{"href":"https:\/\/www.abup.com.br\/wp-json\/wp\/v2\/pages"}],"about":[{"href":"https:\/\/www.abup.com.br\/wp-json\/wp\/v2\/types\/page"}],"author":[{"embeddable":true,"href":"https:\/\/www.abup.com.br\/wp-json\/wp\/v2\/users\/1"}],"replies":[{"embeddable":true,"href":"https:\/\/www.abup.com.br\/wp-json\/wp\/v2\/comments?post=17300"}],"version-history":[{"count":5,"href":"https:\/\/www.abup.com.br\/wp-json\/wp\/v2\/pages\/17300\/revisions"}],"predecessor-version":[{"id":26041,"href":"https:\/\/www.abup.com.br\/wp-json\/wp\/v2\/pages\/17300\/revisions\/26041"}],"wp:attachment":[{"href":"https:\/\/www.abup.com.br\/wp-json\/wp\/v2\/media?parent=17300"}],"curies":[{"name":"wp","href":"https:\/\/api.w.org\/{rel}","templated":true}]}}