{"id":17769,"date":"2017-12-21T12:58:54","date_gmt":"2017-12-21T12:58:54","guid":{"rendered":"http:\/\/www.abup.com.br\/?page_id=17769"},"modified":"2019-05-06T14:27:52","modified_gmt":"2019-05-06T14:27:52","slug":"associe-se","status":"publish","type":"page","link":"https:\/\/www.abup.com.br\/es\/associados\/associe-se\/","title":{"rendered":"\u00bfC\u00f3mo exponer?"},"content":{"rendered":"\n<div class=\"wpcf7 no-js\" id=\"wpcf7-f17768-o1\" lang=\"pt-BR\" dir=\"ltr\" data-wpcf7-id=\"17768\">\n<div class=\"screen-reader-response\"><p role=\"status\" aria-live=\"polite\" aria-atomic=\"true\"><\/p> <ul><\/ul><\/div>\n<form action=\"\/es\/wp-json\/wp\/v2\/pages\/17769#wpcf7-f17768-o1\" method=\"post\" class=\"wpcf7-form init\" aria-label=\"Formul\u00e1rios de contato\" novalidate=\"novalidate\" data-status=\"init\">\n<fieldset class=\"hidden-fields-container\"><input type=\"hidden\" name=\"_wpcf7\" value=\"17768\" \/><input type=\"hidden\" name=\"_wpcf7_version\" value=\"6.1.5\" \/><input type=\"hidden\" name=\"_wpcf7_locale\" value=\"pt_BR\" \/><input type=\"hidden\" name=\"_wpcf7_unit_tag\" value=\"wpcf7-f17768-o1\" \/><input type=\"hidden\" name=\"_wpcf7_container_post\" value=\"0\" \/><input type=\"hidden\" name=\"_wpcf7_posted_data_hash\" value=\"\" \/><input type=\"hidden\" name=\"_wpcf7_recaptcha_response\" value=\"\" \/>\n<\/fieldset>\n<div class=\"select\"><label style=\"display: block; color: #932815; padding-bottom: 10px\"> Feira* <\/label><span class=\"wpcf7-form-control-wrap\" data-name=\"feira\"><select class=\"wpcf7-form-control wpcf7-select wpcf7-validates-as-required\" aria-required=\"true\" aria-invalid=\"false\" name=\"feira\"><option value=\"ABUP SHOW - Home \u2022 Gift \u2022 T\u00eaxtil \u2022 Decor (FEV\/26) - Distrito Anhembi\">ABUP SHOW - Home \u2022 Gift \u2022 T\u00eaxtil \u2022 Decor (FEV\/26) - Distrito Anhembi<\/option><option value=\"ABUP SHOW (AGO\/26) - Pro Magno Centro de Eventos\">ABUP SHOW (AGO\/26) - Pro Magno Centro de Eventos<\/option><\/select><\/span><\/div>\n\n<label> Raz\u00f3n social (obrigat\u00f3rio)<\/label><span class=\"wpcf7-form-control-wrap\" data-name=\"razao-social\"><input size=\"40\" maxlength=\"400\" class=\"wpcf7-form-control wpcf7-text wpcf7-validates-as-required\" aria-required=\"true\" aria-invalid=\"false\" placeholder=\"Raz\u00f3n Social*\" value=\"\" type=\"text\" name=\"razao-social\" \/><\/span>\n<label> Nombre comercial (obrigat\u00f3rio)<\/label><span class=\"wpcf7-form-control-wrap\" data-name=\"your-name\"><input size=\"40\" maxlength=\"400\" class=\"wpcf7-form-control wpcf7-text wpcf7-validates-as-required\" aria-required=\"true\" aria-invalid=\"false\" placeholder=\"Nombre comercial*\" value=\"\" type=\"text\" name=\"your-name\" \/><\/span>\n<div class=\"esquerda\"><label> CNPJ (obrigat\u00f3rio)<\/label><span class=\"wpcf7-form-control-wrap\" data-name=\"cnpj\"><input size=\"40\" maxlength=\"400\" class=\"wpcf7-form-control wpcf7-text wpcf7-validates-as-required\" aria-required=\"true\" aria-invalid=\"false\" placeholder=\"CNPJ (n\u00famero de identificaci\u00f3n fiscal de personas jur\u00eddicas)*\" value=\"\" type=\"text\" name=\"cnpj\" \/><\/span><\/div>\n<div class=\"direita\"><label> Inscripci\u00f3n estatal <\/label><span class=\"wpcf7-form-control-wrap\" data-name=\"ie\"><input size=\"40\" maxlength=\"400\" class=\"wpcf7-form-control wpcf7-text\" aria-invalid=\"false\" placeholder=\"Inscripci\u00f3n estatal\" value=\"\" type=\"text\" name=\"ie\" \/><\/span><\/div>\n<div class=\"esquerda\"><label>Direcci\u00f3n (obrigat\u00f3rio)<\/label><span class=\"wpcf7-form-control-wrap\" data-name=\"endereco\"><input size=\"40\" maxlength=\"400\" class=\"wpcf7-form-control wpcf7-text wpcf7-validates-as-required\" aria-required=\"true\" aria-invalid=\"false\" placeholder=\"Direcci\u00f3n*\" value=\"\" type=\"text\" name=\"endereco\" \/><\/span><\/div>\n<div class=\"direita\"><label>Contacto <\/label><span class=\"wpcf7-form-control-wrap\" data-name=\"contato\"><input size=\"40\" maxlength=\"400\" class=\"wpcf7-form-control wpcf7-text wpcf7-validates-as-required\" aria-required=\"true\" aria-invalid=\"false\" placeholder=\"Contacto*\" value=\"\" type=\"text\" name=\"contato\" \/><\/span><\/div>\n<div class=\"esquerda\"><label>Tel\u00e9fono (obrigat\u00f3rio)<\/label><span class=\"wpcf7-form-control-wrap\" data-name=\"telefone\"><input size=\"40\" maxlength=\"400\" class=\"wpcf7-form-control wpcf7-text wpcf7-validates-as-required\" aria-required=\"true\" aria-invalid=\"false\" placeholder=\"Tel\u00e9fono*\" value=\"\" type=\"text\" name=\"telefone\" \/><\/span><\/div>\n<div class=\"direita\"><label>Correo electr\u00f3nico (obrigat\u00f3rio) <\/label><span class=\"wpcf7-form-control-wrap\" data-name=\"your-email\"><input size=\"40\" maxlength=\"400\" class=\"wpcf7-form-control wpcf7-email wpcf7-validates-as-required wpcf7-text wpcf7-validates-as-email\" aria-required=\"true\" aria-invalid=\"false\" placeholder=\"Correo electr\u00f3nico*\" value=\"\" type=\"email\" name=\"your-email\" \/><\/span><\/div>\n<div class=\"esquerda\"><label>Sitio web (obrigat\u00f3rio)<\/label><span class=\"wpcf7-form-control-wrap\" data-name=\"site\"><input size=\"40\" maxlength=\"400\" class=\"wpcf7-form-control wpcf7-text wpcf7-validates-as-required\" aria-required=\"true\" aria-invalid=\"false\" placeholder=\"Sitio web*\" value=\"\" type=\"text\" name=\"site\" \/><\/span><\/div>\n<div class=\"direita\"><label>Facebook\/Instagram <\/label><span class=\"wpcf7-form-control-wrap\" data-name=\"face-insta\"><input size=\"40\" maxlength=\"400\" class=\"wpcf7-form-control wpcf7-text wpcf7-validates-as-required\" aria-required=\"true\" aria-invalid=\"false\" placeholder=\"Facebook\/Instagram*\" value=\"\" type=\"text\" name=\"face-insta\" \/><\/span><\/div>\n<div class=\"esquerda\"><label> Sector productivo (obrigat\u00f3rio)<\/label><span class=\"wpcf7-form-control-wrap\" data-name=\"ramo\"><input size=\"40\" maxlength=\"400\" class=\"wpcf7-form-control wpcf7-text wpcf7-validates-as-required\" aria-required=\"true\" aria-invalid=\"false\" placeholder=\"Sector productivo*\" value=\"\" type=\"text\" name=\"ramo\" \/><\/span><\/div>\n<div class=\"direita\"><label>Productos <\/label><span class=\"wpcf7-form-control-wrap\" data-name=\"produto\"><input size=\"40\" maxlength=\"400\" class=\"wpcf7-form-control wpcf7-text wpcf7-validates-as-required\" aria-required=\"true\" aria-invalid=\"false\" placeholder=\"Productos*\" value=\"\" type=\"text\" name=\"produto\" \/><\/span><\/div>\n<input class=\"wpcf7-form-control wpcf7-submit has-spinner\" type=\"submit\" value=\"Enviar\" \/><span class=\"legenda\">*Campo obligatorio<\/span><div class=\"wpcf7-response-output\" aria-hidden=\"true\"><\/div>\n<\/form>\n<\/div>\n\n","protected":false},"excerpt":{"rendered":"","protected":false},"author":1,"featured_media":0,"parent":17311,"menu_order":0,"comment_status":"closed","ping_status":"closed","template":"","meta":{"_acf_changed":false,"_locale":"es_ES","_original_post":"14960","footnotes":""},"class_list":["post-17769","page","type-page","status-publish","hentry","es-ES"],"acf":[],"_links":{"self":[{"href":"https:\/\/www.abup.com.br\/wp-json\/wp\/v2\/pages\/17769","targetHints":{"allow":["GET"]}}],"collection":[{"href":"https:\/\/www.abup.com.br\/wp-json\/wp\/v2\/pages"}],"about":[{"href":"https:\/\/www.abup.com.br\/wp-json\/wp\/v2\/types\/page"}],"author":[{"embeddable":true,"href":"https:\/\/www.abup.com.br\/wp-json\/wp\/v2\/users\/1"}],"replies":[{"embeddable":true,"href":"https:\/\/www.abup.com.br\/wp-json\/wp\/v2\/comments?post=17769"}],"version-history":[{"count":4,"href":"https:\/\/www.abup.com.br\/wp-json\/wp\/v2\/pages\/17769\/revisions"}],"predecessor-version":[{"id":23953,"href":"https:\/\/www.abup.com.br\/wp-json\/wp\/v2\/pages\/17769\/revisions\/23953"}],"up":[{"embeddable":true,"href":"https:\/\/www.abup.com.br\/wp-json\/wp\/v2\/pages\/17311"}],"wp:attachment":[{"href":"https:\/\/www.abup.com.br\/wp-json\/wp\/v2\/media?parent=17769"}],"curies":[{"name":"wp","href":"https:\/\/api.w.org\/{rel}","templated":true}]}}