{"id":29078,"date":"2021-01-11T18:12:34","date_gmt":"2021-01-11T18:12:34","guid":{"rendered":"https:\/\/www.abup.com.br\/?page_id=29078"},"modified":"2021-01-11T18:24:16","modified_gmt":"2021-01-11T18:24:16","slug":"brazil-essentially-diverse","status":"publish","type":"page","link":"https:\/\/www.abup.com.br\/es\/brazil-essentially-diverse\/","title":{"rendered":"BRAZIL ESSENTIALLY DIVERSE"},"content":{"rendered":"\r\n<p class=\"col-sm-4\">\u201c\u00c9 uma honra apoiarmos esta relevante iniciativa da ApexBrasil para promover e valorizar o design brasileiro, nossas origens e nossa diversidade apresentando uma rica sele\u00e7\u00e3o do design autoral, da arte brasileira e de nossa economia criativa.&nbsp; A credibilidade e responsabilidade \u00e9tica que constru\u00edmos na ABUP nos motiva a contribuir com projetos significativos, sustent\u00e1veis e inovadores como a BRAZIL: ESSENTIALLY DIVERSE, fundamentais para o fortalecimento da nossa identidade na internacionaliza\u00e7\u00e3o de neg\u00f3cios.\u201d<br><strong>Jamil Rima &#8211; Presidente da ABUP<\/strong><br><\/p>\r\n\r\n\r\n\r\n<p class=\"col-sm-4\">\u201cA for\u00e7a da ideia<br>\r\nA ideia \u00e9 um sonho ilustrado<br>\r\n\u00c9 transformar um sonho em desejo<br>\r\n\u00c9 a proposta de como transformar sonho em realidade\u201d<br><strong>Jaime Lerner<\/strong><br><\/p>\r\n\r\n\r\n\r\n<p class=\"col-sm-4\">\u201cUm dos desafios fascinantes desta curadoria foi poder apresentar, usando objetos, o cotidiano e a personalidade do brasileiro. A contribui\u00e7\u00e3o da ABUP, cujos associados representam o melhor do design em artesanato, produtos de decora\u00e7\u00e3o, t\u00eaxteis e para casa, foi um dos eixos fundamentais para compormos este panorama da nossa criatividade em Mil\u00e3o.\u201d<br><strong>Joice Joppert Leal | Curadora &#8211; Objeto Brasil<\/strong><br><\/p>\r\n","protected":false},"excerpt":{"rendered":"<p>\u201c\u00c9 uma honra apoiarmos esta relevante iniciativa da ApexBrasil para promover e valorizar o design brasileiro, nossas origens e nossa diversidade apresentando uma rica sele\u00e7\u00e3o do design autoral, da arte brasileira e de nossa economia criativa.&nbsp; A credibilidade e responsabilidade \u00e9tica que constru\u00edmos na ABUP nos motiva a contribuir com projetos significativos, sustent\u00e1veis e inovadores [&hellip;]<\/p>\n","protected":false},"author":1,"featured_media":0,"parent":0,"menu_order":0,"comment_status":"closed","ping_status":"closed","template":"template-brazil-essentially-diverse.php","meta":{"_acf_changed":false,"_locale":"es_ES","_original_post":"23526","footnotes":""},"class_list":["post-29078","page","type-page","status-publish","hentry","es-ES"],"acf":[],"_links":{"self":[{"href":"https:\/\/www.abup.com.br\/wp-json\/wp\/v2\/pages\/29078","targetHints":{"allow":["GET"]}}],"collection":[{"href":"https:\/\/www.abup.com.br\/wp-json\/wp\/v2\/pages"}],"about":[{"href":"https:\/\/www.abup.com.br\/wp-json\/wp\/v2\/types\/page"}],"author":[{"embeddable":true,"href":"https:\/\/www.abup.com.br\/wp-json\/wp\/v2\/users\/1"}],"replies":[{"embeddable":true,"href":"https:\/\/www.abup.com.br\/wp-json\/wp\/v2\/comments?post=29078"}],"version-history":[{"count":1,"href":"https:\/\/www.abup.com.br\/wp-json\/wp\/v2\/pages\/29078\/revisions"}],"predecessor-version":[{"id":29079,"href":"https:\/\/www.abup.com.br\/wp-json\/wp\/v2\/pages\/29078\/revisions\/29079"}],"wp:attachment":[{"href":"https:\/\/www.abup.com.br\/wp-json\/wp\/v2\/media?parent=29078"}],"curies":[{"name":"wp","href":"https:\/\/api.w.org\/{rel}","templated":true}]}}